{"id":93,"date":"2024-12-29T16:18:13","date_gmt":"2024-12-29T15:18:13","guid":{"rendered":"https:\/\/www.bomerski.pl\/?page_id=93"},"modified":"2024-12-29T16:18:13","modified_gmt":"2024-12-29T15:18:13","slug":"nasza-oferta","status":"publish","type":"page","link":"https:\/\/www.bomerski.pl\/?page_id=93","title":{"rendered":"Nasza oferta"},"content":{"rendered":"\n<p><\/p>\n\n\n\n<p>Kancelaria Adwokacka Bomerski oferuje pe\u0142n\u0105 obs\u0142ug\u0119 prawn\u0105, dostosowan\u0105 do indywidualnych potrzeb klient\u00f3w. Posiadamy wieloletnie do\u015bwiadczenie w prowadzeniu spraw z r\u00f3\u017cnych dziedzin prawa. Specjalizujemy si\u0119 w nast\u0119puj\u0105cych obszarach:<\/p>\n\n\n\n<p><strong>Prawo cywilne<\/strong><\/p>\n\n\n\n<p>\u2022 Sprawy o odszkodowania i zado\u015b\u0107uczynienia (w tym za wypadki komunikacyjne).<\/p>\n\n\n\n<p>\u2022 Dochodzenie roszcze\u0144 umownych i odszkodowawczych.<\/p>\n\n\n\n<p>\u2022 Sprawy o ochron\u0119 d\u00f3br osobistych.<\/p>\n\n\n\n<p>\u2022 Prawa rzeczowe \u2013 zasiedzenie, s\u0142u\u017cebno\u015bci, sprawy dotycz\u0105ce w\u0142asno\u015bci i posiadania.<\/p>\n\n\n\n<p><strong>Prawo rodzinne<\/strong><\/p>\n\n\n\n<p>\u2022 Sprawy rozwodowe i separacyjne.<\/p>\n\n\n\n<p>\u2022 Podzia\u0142 maj\u0105tku wsp\u00f3lnego.<\/p>\n\n\n\n<p>\u2022 Ustalenie kontakt\u00f3w z dzie\u0107mi oraz sprawy o alimenty.<\/p>\n\n\n\n<p>\u2022 Sprawy zwi\u0105zane z w\u0142adz\u0105 rodzicielsk\u0105, ustaleniem ojcostwa i adopcj\u0105.<\/p>\n\n\n\n<p><strong>Prawo karne<\/strong><\/p>\n\n\n\n<p>\u2022 Obrona w sprawach karnych, w tym dotycz\u0105cych przest\u0119pczo\u015bci zorganizowanej.<\/p>\n\n\n\n<p>\u2022 Reprezentacja pokrzywdzonych w post\u0119powaniach karnych.<\/p>\n\n\n\n<p>\u2022 Prowadzenie spraw o wykroczenia oraz przest\u0119pstwa gospodarcze.<\/p>\n\n\n\n<p>\u2022 Pomoc w post\u0119powaniach dotycz\u0105cych posiadania i obrotu narkotykami.<\/p>\n\n\n\n<p><strong>Prawo gospodarcze i handlowe<\/strong><\/p>\n\n\n\n<p>\u2022 Obs\u0142uga prawna przedsi\u0119biorstw.<\/p>\n\n\n\n<p>\u2022 Reprezentacja w sporach z kontrahentami i instytucjami finansowymi.<\/p>\n\n\n\n<p>\u2022 Sporz\u0105dzanie i opiniowanie um\u00f3w handlowych.<\/p>\n\n\n\n<p>\u2022 Post\u0119powania upad\u0142o\u015bciowe i restrukturyzacyjne.<\/p>\n\n\n\n<p><strong>Prawo pracy<\/strong><\/p>\n\n\n\n<p>\u2022 Dochodzenie roszcze\u0144 pracowniczych, w tym odszkodowa\u0144 za mobbing i dyskryminacj\u0119 oraz nies\u0142uszne zwolnienie z pracy.<\/p>\n\n\n\n<p>\u2022 Przygotowywanie i analiza um\u00f3w o prac\u0119.<\/p>\n\n\n\n<p>\u2022 Reprezentacja pracodawc\u00f3w w sporach z pracownikami.<\/p>\n\n\n\n<p><strong>Inne us\u0142ugi prawne<\/strong><\/p>\n\n\n\n<p>\u2022 Prowadzenie negocjacji i mediacji ze stron\u0105 przeciwn\u0105 sporu.<\/p>\n\n\n\n<p>\u2022 Sporz\u0105dzanie opinii prawnych.<\/p>\n\n\n\n<p>\u2022 Reprezentacja w post\u0119powaniach administracyjnych.<\/p>\n\n\n\n<p>\u2022 Windykacja nale\u017cno\u015bci.<\/p>\n\n\n\n<p><\/p>\n\n\n\n<p><strong>Dlaczego to w\u0142a\u015bnie nam warto zaufa\u0107?<\/strong><\/p>\n\n\n\n<p>Jeste\u015bmy zespo\u0142em do\u015bwiadczonych adwokat\u00f3w, po aplikacjach w Okr\u0119gowych Radach Adwokackich, z bogatym do\u015bwiadczeniem s\u0105dowym, kt\u00f3rzy z zaanga\u017cowaniem i pe\u0142nym pasji profesjonalizmem podchodz\u0105 do ka\u017cdej sprawy. Wspieramy zar\u00f3wno klient\u00f3w indywidualnych, jak i biznesowych, zapewniaj\u0105c im rzeteln\u0105 pomoc prawn\u0105 na ka\u017cdym etapie wsp\u00f3\u0142pracy.<\/p>\n\n\n\n<p><strong>Zapraszamy do kontaktu:<\/strong><\/p>\n\n\n\n<p>\u260e&nbsp;<strong>Telefon:<\/strong>&nbsp;+48 71 307 52 95<\/p>\n\n\n\n<p>\u2709&nbsp;<strong>E-mail:<\/strong>&nbsp;kancelaria@bomerski.pl<\/p>\n\n\n\n<p>\ud83d\udccd&nbsp;<strong>Adres:<\/strong>&nbsp;Plac Jana Paw\u0142a II 33\/23, Wroc\u0142aw<\/p>\n\n\n\n<p><\/p>\n","protected":false},"excerpt":{"rendered":"<p>Kancelaria Adwokacka Bomerski oferuje pe\u0142n\u0105 obs\u0142ug\u0119 prawn\u0105, dostosowan\u0105 do indywidualnych potrzeb klient\u00f3w. Posiadamy wieloletnie do\u015bwiadczenie w prowadzeniu spraw z r\u00f3\u017cnych dziedzin prawa. Specjalizujemy si\u0119 w nast\u0119puj\u0105cych obszarach: Prawo cywilne \u2022 Sprawy o odszkodowania i zado\u015b\u0107uczynienia (w tym za wypadki komunikacyjne). \u2022 Dochodzenie roszcze\u0144 umownych i odszkodowawczych. \u2022 Sprawy o ochron\u0119 d\u00f3br osobistych. \u2022 Prawa rzeczowe [&hellip;]<\/p>\n","protected":false},"author":1,"featured_media":0,"parent":0,"menu_order":0,"comment_status":"closed","ping_status":"closed","template":"","meta":{"footnotes":""},"class_list":["post-93","page","type-page","status-publish","hentry"],"_links":{"self":[{"href":"https:\/\/www.bomerski.pl\/index.php?rest_route=\/wp\/v2\/pages\/93","targetHints":{"allow":["GET"]}}],"collection":[{"href":"https:\/\/www.bomerski.pl\/index.php?rest_route=\/wp\/v2\/pages"}],"about":[{"href":"https:\/\/www.bomerski.pl\/index.php?rest_route=\/wp\/v2\/types\/page"}],"author":[{"embeddable":true,"href":"https:\/\/www.bomerski.pl\/index.php?rest_route=\/wp\/v2\/users\/1"}],"replies":[{"embeddable":true,"href":"https:\/\/www.bomerski.pl\/index.php?rest_route=%2Fwp%2Fv2%2Fcomments&post=93"}],"version-history":[{"count":1,"href":"https:\/\/www.bomerski.pl\/index.php?rest_route=\/wp\/v2\/pages\/93\/revisions"}],"predecessor-version":[{"id":94,"href":"https:\/\/www.bomerski.pl\/index.php?rest_route=\/wp\/v2\/pages\/93\/revisions\/94"}],"wp:attachment":[{"href":"https:\/\/www.bomerski.pl\/index.php?rest_route=%2Fwp%2Fv2%2Fmedia&parent=93"}],"curies":[{"name":"wp","href":"https:\/\/api.w.org\/{rel}","templated":true}]}}