{"id":12,"date":"2023-06-22T19:57:21","date_gmt":"2023-06-22T17:57:21","guid":{"rendered":"http:\/\/www.bomerski.pl\/?page_id=12"},"modified":"2024-10-15T12:43:04","modified_gmt":"2024-10-15T10:43:04","slug":"kancelaria-adwokacka-bomerski","status":"publish","type":"page","link":"https:\/\/www.bomerski.pl\/","title":{"rendered":""},"content":{"rendered":"\n<div class=\"wp-block-group has-global-padding is-layout-constrained wp-block-group-is-layout-constrained\">\n<p>Zajmujemy si\u0119 sprawami z zakresu prawa cywilnego, rodzinnego i karnego dla os\u00f3b indywidualnych, a tak\u017ce obs\u0142ugujemy przedsi\u0119biorc\u00f3w przed s\u0105dami, dochodzimy nale\u017cno\u015bci od kontrahent\u00f3w, prowadzimy negocjacje z partnerami biznesowymi, przygotowujemy strategie i nowe obszary dzia\u0142alno\u015bci dla firm. Wsp\u00f3lnie z Klientami analizujemy i planujemy przysz\u0142e dzia\u0142ania, pomagamy w bie\u017c\u0105cej dzia\u0142alno\u015bci ich firm, fundacji i stowarzysze\u0144. Doradzamy w zakresie szeroko poj\u0119tego wealth managementu.<\/p>\n\n\n\n<p>Jako prawnicy dzia\u0142amy na rynku od 2007 roku, jako adwokaci od 2011 roku &#8211; mamy wieloletnie do\u015bwiadczenie pracy z klientami indywidualnymi, przedsi\u0119biorcami, fundacjami i stowarzyszeniami. Prowadzimy sprawy od A do Z \u2013 udzielamy porad i konsultacji prawnych, prowadzimy obs\u0142ugi prawne, negocjacje, procesy s\u0105dowe i egzekucje.&nbsp;<\/p>\n\n\n\n<p>Sprawy prowadz\u0105 adwokaci, kt\u00f3rzy przyjmowali zlecenie \u2013\u00a0nie pozostawiamy tego przypadkowi. Mamy zasad\u0119, i\u017c\u00a0nie korzystamy z pomocy praktykant\u00f3w, b\u0105d\u017a aplikant\u00f3w na bezp\u0142atnych sta\u017cach do zlecania im zada\u0144 zwi\u0105zanych z obs\u0142ug\u0105 naszych Klient\u00f3w. Powierzaj\u0105c nam zlecenia, macie Pa\u0144stwo pewno\u015b\u0107, i\u017c nie prowadz\u0105 ich przypadkowi podwykonawcy. Nasi Klienci s\u0105 z nami w sta\u0142ym kontakcie telefonicznym i online. Przed rozpocz\u0119ciem wsp\u00f3\u0142pracy dokonujemy wyceny i ustalamy wynagrodzenie \u2013 w Kancelarii Adwokackiej Bomerski ka\u017cdy Klient otrzymuje paragon lub faktur\u0119 VAT i jest z g\u00f3ry poinformowany jaki jest koszt prowadzenia sprawy. Jeste\u015bmy obj\u0119ci ubezpieczeniem odpowiedzialno\u015bci cywilnej i na bie\u017c\u0105co podnosimy swoje kwalifikacje uczestnicz\u0105c w konferencjach naukowych oraz szkoleniach zawodowych.\u00a0<\/p>\n\n\n\n<p>Dzia\u0142amy na terenie kilku wojew\u00f3dztw \u2013 dolno\u015bl\u0105skiego, \u015bl\u0105skiego, opolskiego, wielkopolskiego, mazowieckiego i ma\u0142opolskiego. W\u015br\u00f3d klient\u00f3w indywidualnych s\u0105 obywatele Polski, innych kraj\u00f3w Unii Europejskiej, takich jak Niemcy, Francja, Hiszpania, a tak\u017ce USA, Japonii, Korei Po\u0142udniowej i Indii. Komunikujemy si\u0119 w j\u0119zykach: polskim, angielskim i niemieckim.&nbsp;Korzystamy z nowoczesnych i bezpiecznych narz\u0119dzi online. Udzielamy porad prawnych na miejscu i online oraz w wyj\u0105tkowych wypadkach w siedzibach Klient\u00f3w.<\/p>\n\n\n\n<p>U nas nie znajdziecie Pa\u0144stwo blog\u00f3w z poradami b\u0119d\u0105cych g\u0142\u00f3wnie sposobem do obej\u015bcia zakazu reklamy, kt\u00f3re wed\u0142ug nas przynosz\u0105 wi\u0119cej szkody ni\u017c po\u017cytku. Zwyczajnie nie mamy na to czasu, wolimy go po\u015bwi\u0119ci\u0107 naszym obecnym Klientom. Niekt\u00f3rzy nich wsp\u00f3\u0142pracuj\u0105 z nami od 13 lat &#8211; to dla nas wielkie wyr\u00f3\u017cnienie i odpowiedzialno\u015b\u0107. Dla nas priorytetami s\u0105 sta\u0142y kontakt z klientami, tajemnica zawodowa i sumienne wykonywanie powierzonych nam problem\u00f3w i spraw.<\/p>\n\n\n\n<p>Siedziba naszej Kancelarii jest zlokalizowana&nbsp;w samym centrum Wroc\u0142awia na terenie Bulwaru Staromiejskiego w kamienicy Dom z Herbem przy Placu Jana Paw\u0142a II 33\/23 pomi\u0119dzy Odr\u0105, a Fos\u0105 Miejsk\u0105, przy mo\u015bcie Sikorskiego. <\/p>\n\n\n\n<p><\/p>\n\n\n\n<p class=\"has-text-align-right\">Zapraszam do kontaktu i wsp\u00f3\u0142pracy,<br>Adwokat Damian Bomerski<\/p>\n<\/div>\n","protected":false},"excerpt":{"rendered":"<p>Zajmujemy si\u0119 sprawami z zakresu prawa cywilnego, rodzinnego i karnego dla os\u00f3b indywidualnych, a tak\u017ce obs\u0142ugujemy przedsi\u0119biorc\u00f3w przed s\u0105dami, dochodzimy nale\u017cno\u015bci od kontrahent\u00f3w, prowadzimy negocjacje z partnerami biznesowymi, przygotowujemy strategie i nowe obszary dzia\u0142alno\u015bci dla firm. Wsp\u00f3lnie z Klientami analizujemy i planujemy przysz\u0142e dzia\u0142ania, pomagamy w bie\u017c\u0105cej dzia\u0142alno\u015bci ich firm, fundacji i stowarzysze\u0144. Doradzamy w [&hellip;]<\/p>\n","protected":false},"author":1,"featured_media":17,"parent":0,"menu_order":0,"comment_status":"closed","ping_status":"closed","template":"","meta":{"footnotes":""},"class_list":["post-12","page","type-page","status-publish","has-post-thumbnail","hentry"],"_links":{"self":[{"href":"https:\/\/www.bomerski.pl\/index.php?rest_route=\/wp\/v2\/pages\/12","targetHints":{"allow":["GET"]}}],"collection":[{"href":"https:\/\/www.bomerski.pl\/index.php?rest_route=\/wp\/v2\/pages"}],"about":[{"href":"https:\/\/www.bomerski.pl\/index.php?rest_route=\/wp\/v2\/types\/page"}],"author":[{"embeddable":true,"href":"https:\/\/www.bomerski.pl\/index.php?rest_route=\/wp\/v2\/users\/1"}],"replies":[{"embeddable":true,"href":"https:\/\/www.bomerski.pl\/index.php?rest_route=%2Fwp%2Fv2%2Fcomments&post=12"}],"version-history":[{"count":21,"href":"https:\/\/www.bomerski.pl\/index.php?rest_route=\/wp\/v2\/pages\/12\/revisions"}],"predecessor-version":[{"id":90,"href":"https:\/\/www.bomerski.pl\/index.php?rest_route=\/wp\/v2\/pages\/12\/revisions\/90"}],"wp:featuredmedia":[{"embeddable":true,"href":"https:\/\/www.bomerski.pl\/index.php?rest_route=\/wp\/v2\/media\/17"}],"wp:attachment":[{"href":"https:\/\/www.bomerski.pl\/index.php?rest_route=%2Fwp%2Fv2%2Fmedia&parent=12"}],"curies":[{"name":"wp","href":"https:\/\/api.w.org\/{rel}","templated":true}]}}